{"id":591,"date":"2019-10-28T08:21:29","date_gmt":"2019-10-28T08:21:29","guid":{"rendered":"https:\/\/www.barnastock.com\/?page_id=591"},"modified":"2023-10-18T14:26:07","modified_gmt":"2023-10-18T14:26:07","slug":"aviso-legal","status":"publish","type":"page","link":"https:\/\/www.barnastock.com\/es\/aviso-legal\/","title":{"rendered":"Aviso legal"},"content":{"rendered":"\t\t<div data-elementor-type=\"wp-page\" data-elementor-id=\"591\" class=\"elementor elementor-591\" data-elementor-post-type=\"page\">\n\t\t\t\t\t\t<section class=\"elementor-section elementor-top-section elementor-element elementor-element-4fb9341f elementor-section-stretched elementor-section-height-min-height elementor-section-boxed elementor-section-height-default elementor-section-items-middle\" data-id=\"4fb9341f\" data-element_type=\"section\" data-e-type=\"section\" data-settings=\"{&quot;stretch_section&quot;:&quot;section-stretched&quot;,&quot;background_background&quot;:&quot;classic&quot;,&quot;background_motion_fx_motion_fx_scrolling&quot;:&quot;yes&quot;,&quot;background_motion_fx_opacity_effect&quot;:&quot;yes&quot;,&quot;background_motion_fx_opacity_direction&quot;:&quot;in-out&quot;,&quot;background_motion_fx_opacity_range&quot;:{&quot;unit&quot;:&quot;%&quot;,&quot;size&quot;:&quot;&quot;,&quot;sizes&quot;:{&quot;start&quot;:51,&quot;end&quot;:76}},&quot;background_motion_fx_opacity_level&quot;:{&quot;unit&quot;:&quot;px&quot;,&quot;size&quot;:10,&quot;sizes&quot;:[]},&quot;background_motion_fx_devices&quot;:[&quot;desktop&quot;,&quot;tablet&quot;,&quot;mobile&quot;]}\">\n\t\t\t\t\t\t\t<div class=\"elementor-background-overlay\"><\/div>\n\t\t\t\t\t\t\t<div class=\"elementor-container elementor-column-gap-default\">\n\t\t\t\t\t<div class=\"elementor-column elementor-col-100 elementor-top-column elementor-element elementor-element-774b080e\" data-id=\"774b080e\" data-element_type=\"column\" data-e-type=\"column\">\n\t\t\t<div class=\"elementor-widget-wrap elementor-element-populated\">\n\t\t\t\t\t\t<div class=\"elementor-element elementor-element-7df14d33 elementor-widget elementor-widget-heading\" data-id=\"7df14d33\" data-element_type=\"widget\" data-e-type=\"widget\" data-widget_type=\"heading.default\">\n\t\t\t\t<div class=\"elementor-widget-container\">\n\t\t\t\t\t<h1 class=\"elementor-heading-title elementor-size-default\">Aviso Legal<\/h1>\t\t\t\t<\/div>\n\t\t\t\t<\/div>\n\t\t\t\t\t<\/div>\n\t\t<\/div>\n\t\t\t\t\t<\/div>\n\t\t<\/section>\n\t\t\t\t<section class=\"elementor-section elementor-top-section elementor-element elementor-element-67eafe3 elementor-section-stretched elementor-section-boxed elementor-section-height-default elementor-section-height-default\" data-id=\"67eafe3\" data-element_type=\"section\" data-e-type=\"section\" data-settings=\"{&quot;stretch_section&quot;:&quot;section-stretched&quot;}\">\n\t\t\t\t\t\t<div class=\"elementor-container elementor-column-gap-default\">\n\t\t\t\t\t<div class=\"elementor-column elementor-col-100 elementor-top-column elementor-element elementor-element-fb71ec1\" data-id=\"fb71ec1\" data-element_type=\"column\" data-e-type=\"column\">\n\t\t\t<div class=\"elementor-widget-wrap elementor-element-populated\">\n\t\t\t\t\t\t<div class=\"elementor-element elementor-element-6205d9f elementor-widget elementor-widget-text-editor\" data-id=\"6205d9f\" data-element_type=\"widget\" data-e-type=\"widget\" data-widget_type=\"text-editor.default\">\n\t\t\t\t<div class=\"elementor-widget-container\">\n\t\t\t\t\t\t\t\t\t<p>El presente Aviso Legal establece las condiciones de uso de la P\u00e1gina Web www.barnastock.com (en adelante la P\u00e1gina Web). La utilizaci\u00f3n de la misma atribuye al navegante la condici\u00f3n de Usuario, lo que implica la adhesi\u00f3n y compromiso de cumplimiento de todas y cada una de las condiciones contenidas en este Aviso Legal, en la versi\u00f3n publicada en el momento en que se acceda al mismo, por lo que se recomienda al Usuario leer este Aviso Legal atentamente cada vez que acceda a la P\u00e1gina Web. Estas Condiciones ser\u00e1n aplicables con independencia de la existencia de otras condiciones espec\u00edficas aplicables a determinados servicios que se presten en la P\u00e1gina Web.\u00a0<\/p><p><strong>Datos identificativos del Prestador de Servicios<\/strong><\/p><p><strong>BARNASTOCK, S.A.<\/strong>\u00a0debidamente inscrita en el Registro Mercantil de\u00a0Barcelona, en el tomo\u00a03237, folio\u00a0\u00a082, hoja\u00a034197N, inscripci\u00f3n\u00a01, con CIF no A08435919\u00a0y con domicilio en Crom, 14, 08940 Cornell\u00e0 de Llobregat (Barcelona), con tel\u00e9fono\u00a0933770208\u00a0y correo electr\u00f3nico:\u00a0<a href=\"mailto:barcelonesa@barcelonesa.com\">barcelonesa@barcelonesa.com<\/a><\/p><p>Contacto: BARNASTOCK agradece anticipadamente toda clase de sugerencias, rectificaciones o comentarios que contribuyan a evitar o subsanar cualquier tipo de incidencia o irregularidad en la P\u00e1gina Web del modo m\u00e1s r\u00e1pido y eficiente posible. Tales comunicaciones se pueden enviar por e-mail\u00a0<a href=\"mailto:rgpd@grupbarcelonesa.com\">rgpd@grupbarcelonesa.com<\/a><\/p><p><strong>T\u00e9rminos y Condiciones de uso<\/strong><\/p><p>Los t\u00e9rminos y condiciones recogidos en el presente Aviso Legal ser\u00e1n de aplicaci\u00f3n a todas aquellas p\u00e1ginas que figuran dentro del Mapa del Sitio, que son las \u00fanicas comprendidas en esta P\u00e1gina Web.<\/p><p>El acceso a esta P\u00e1gina Web es responsabilidad exclusiva de los Usuarios y supone aceptar los presentes t\u00e9rminos y condiciones de uso. La utilizaci\u00f3n de determinados servicios implicar\u00e1 asimismo la aceptaci\u00f3n, sin reserva alguna, de las normas particulares o instrucciones que BARNASTOCK pudiera establecer en cualquier momento con car\u00e1cter espec\u00edfico, sustitutivo o complementario al de las presentes condiciones generales.<\/p><p>El Usuario debe realizar un uso l\u00edcito de la presente P\u00e1gina Web y sus servicios de acuerdo a los presentes t\u00e9rminos y condiciones de uso y a la legalidad vigente.<\/p><p>BARNASTOCK podr\u00e1 modificar unilateralmente los t\u00e9rminos y condiciones de uso de esta P\u00e1gina Web mediante su publicaci\u00f3n en este aviso legal, y producir\u00e1n efectos desde el mismo momento de su publicaci\u00f3n.<\/p><p><strong>Navegaci\u00f3n.<\/strong><\/p><p>Aun habiendo adoptado las medidas t\u00e9cnicas a su alcance, BARNASTOCK no se responsabiliza ni garantiza que el acceso a la P\u00e1gina Web sea ininterrumpido o que est\u00e9 libre de error. Tampoco se responsabiliza o garantiza que el contenido o software al que pueda accederse a trav\u00e9s de la P\u00e1gina Web, est\u00e9 libre de error o cause un da\u00f1o. En ning\u00fan caso, BARNASTOCK ser\u00e1 responsable por las p\u00e9rdidas, da\u00f1os o perjuicios de cualquier tipo que surjan por el acceso y navegaci\u00f3n por la P\u00e1gina Web, incluy\u00e9ndose, pero no limit\u00e1ndose, a los ocasionados a los sistemas inform\u00e1ticos o los provocados por la introducci\u00f3n de virus.<\/p><p>BARNASTOCK \u00a0no se hace responsable de los da\u00f1os que pudiesen ocasionarse a los Usuarios por un uso inadecuado de la P\u00e1gina Web. En particular, no se hace responsable en modo alguno de las ca\u00eddas, interrupciones, falta o defecto de las telecomunicaciones que pudieran ocurrir mientras el Usuario navega por ella.<\/p><p><strong>Acceso y seguridad.<\/strong><\/p><p>El acceso a los servicios transaccionales\u00a0y aquellos que incluyen la captura de datos personales\u00a0se realiza en un entorno seguro utilizando protocolo\u00a0SSL (Secure Socker Layer)\u00a0de 128 bits. El servidor seguro establece una conexi\u00f3n de modo que la informaci\u00f3n se transmite cifrada. Esto asegura que el contenido transmitido es s\u00f3lo inteligible para el ordenador cliente y el servidor de BARNASTOCK . El Usuario puede comprobar que se encuentra dentro de un entorno seguro si en la barra de estado de su navegador aparece un candado cerrado. La garant\u00eda de seguridad de nuestros servidores viene respaldada por un certificado expedido nuestro proveedor de servicios Web. Este certificado garantiza que el cliente est\u00e1 comunicando sus datos a un servidor de BARNASTOCK \u00a0y no\u00a0a un tercero que intentara hacerse pasar por \u00e9sta.\u00a0<\/p><p><strong>Contenidos.<\/strong><\/p><p>BARNASTOCK realiza los m\u00e1ximos esfuerzos para evitar cualquier error en los contenidos que pudieran aparecer en la P\u00e1gina Web.<\/p><p>BARNASTOCK no garantiza, ni se responsabiliza de las consecuencias que pudieran derivarse de los errores en los contenidos que pudieran aparecer en la P\u00e1gina Web.<\/p><p><strong>Actualidad y Modificaciones en la P\u00e1gina Web.<\/strong><\/p><p>La informaci\u00f3n que aparece en la P\u00e1gina Web es la vigente en la fecha de su \u00faltima actualizaci\u00f3n. BARNASTOCK no se hace responsable de la actualidad e idoneidad de las informaciones contenidas en la misma.<\/p><p>No se podr\u00e1 alterar, cambiar, modificar, o adaptar la P\u00e1gina Web por parte del Usuario. BARNASTOCK se reserva la facultad de efectuar cuantas actualizaciones, cambios y modificaciones estime convenientes, pudiendo hacer uso de tal facultad en cualquier momento y sin previo aviso.<\/p><p><strong>Propiedad Intelectual e Industrial.<\/strong><\/p><p>Esta P\u00e1gina Web, su c\u00f3digo fuente y los contenidos que se encuentran protegidos por la Ley de Propiedad Intelectual. No podr\u00e1n ser objeto de explotaci\u00f3n, reproducci\u00f3n, distribuci\u00f3n, modificaci\u00f3n, comunicaci\u00f3n p\u00fablica, cesi\u00f3n o transformaci\u00f3n, salvo que medie autorizaci\u00f3n expresa de los titulares de los derechos.<\/p><p>El dise\u00f1o, im\u00e1genes, r\u00f3tulos, signos distintivos, nombre comercial, las marcas, logos, productos y servicios que contiene esta P\u00e1gina Web se encuentran protegidos por ley de Propiedad Industrial.<\/p><p>BARNASTOCK \u00a0es titular o licenciatario de todos los derechos sobre el contenido de esta P\u00e1gina Web y posee leg\u00edtimamente en exclusiva los derechos de explotaci\u00f3n sobre los mismos, salvo aquellos derechos de determinados proveedores con las que se haya firmado el correspondiente contrato para la provisi\u00f3n de contenidos y est\u00e1n protegidos por las normas nacionales e internacionales de propiedad intelectual e industrial y les ser\u00e1n de aplicaci\u00f3n, igualmente, las presentes condiciones.<\/p><p>El acceso a esta P\u00e1gina Web no otorga a los Usuarios derecho, ni titularidad alguna sobre los derechos de propiedad intelectual o industrial ni de los contenidos que alberga. Los Usuarios que accedan a esta P\u00e1gina Web no podr\u00e1n copiar, modificar, distribuir, transmitir, reproducir, publicar, ceder ni vender los elementos anteriormente mencionados o crear nuevos productos o servicios derivados de la informaci\u00f3n obtenida sin que medie autorizaci\u00f3n expresa y por escrito de los titulares de los derechos.<\/p><p>Queda terminantemente prohibida la alteraci\u00f3n del contenido o estructura de esta P\u00e1gina Web por parte del Usuario.<\/p><p>En el caso de que usted env\u00ede informaci\u00f3n de cualquier tipo a BARNASTOCK, declara, garantiza y acepta que tiene derecho a hacerlo libremente, que dicha informaci\u00f3n no infringe ning\u00fan derecho de propiedad intelectual, de marca, de patente, secreto comercial, o cualquier otro derecho de tercero, que dicha informaci\u00f3n no tiene car\u00e1cter confidencial y que dicha informaci\u00f3n no es perjudicial para terceros.<\/p><p>BARNASTOCK se reserva la posibilidad de ejercer las acciones judiciales que correspondan contra los Usuarios que violen o infrinjan los derechos de propiedad intelectual e industrial.<\/p><p><strong>Hiperv\u00ednculos.<\/strong><\/p><p>La P\u00e1gina Web podr\u00e1 incorporar enlaces de acceso (hiperv\u00ednculos o links) a otras p\u00e1ginas web de las que BARNASTOCK no es titular. En ning\u00fan caso, dicha posibilidad implicar\u00e1 la existencia de relaci\u00f3n entre BARNASTOCK y el titular de la Web a la que dicho hiperv\u00ednculo redirige, ni siquiera su aprobaci\u00f3n o aceptaci\u00f3n. BARNASTOCK tampoco ser\u00e1 responsable de la licitud de los contenidos vertidos en la misma.<\/p><p>Cualquier otra Web tendr\u00e1 prohibida la incorporaci\u00f3n de un hiperv\u00ednculo a la P\u00e1gina Web de BARNASTOCK, sin su expresa autorizaci\u00f3n. En cualquier caso, dicha autorizaci\u00f3n implicar\u00e1 que el hiperv\u00ednculo no se haga de forma que perjudique la imagen p\u00fablica y de marca de BARNASTOCK o de la propia P\u00e1gina Web, as\u00ed como de los terceros que aparezcan referenciados en \u00e9sta.<\/p><p>BARNASTOCK \u00a0retirar\u00e1 cualquier enlace en cuanto tenga conocimiento por cualquier medio de la ilicitud de su contenido o de que desde los mismos se lesionan bienes o derechos de un tercero.<\/p><p><strong>Pol\u00edtica de Privacidad de la P\u00e1gina Web.<\/strong><\/p><p>Para m\u00e1s informaci\u00f3n sobre nuestra pol\u00edtica de protecci\u00f3n de datos y privacidad consulte nuestra\u00a0<a href=\"https:\/\/www.grupbarcelonesa.com\/es\/politica-de-privacidad\">Pol\u00edtica de Privacidad.<\/a><\/p><p><strong>Uso de Cookies<\/strong><\/p><p>Para la utilizaci\u00f3n de nuestra P\u00e1gina Web es necesaria la utilizaci\u00f3n de cookies. Las cookies se utilizan con la finalidad de facilitar la navegaci\u00f3n y ofrecer un servicio personalizado y m\u00e1s \u00e1gil as\u00ed como una herramienta estad\u00edstica para obtener datos estad\u00edsticos del uso de la web. En ning\u00fan caso se utilizan para almacenar informaci\u00f3n que pueda identificar al Usuario. Para m\u00e1s informaci\u00f3n, consulte nuestra\u00a0<a href=\"https:\/\/www.grupbarcelonesa.com\/es\/politica-de-cookies\">Pol\u00edtica de Cookies<\/a><\/p><p><strong>Legislaci\u00f3n Aplicable y Jurisdicci\u00f3n Competente.<\/strong><\/p><p>Los t\u00e9rminos y condiciones que rigen la P\u00e1gina Web y todas las relaciones que pudieran derivarse se encuentran salvaguardadas por la legislaci\u00f3n espa\u00f1ola.<\/p><p>Cualquier controversia que pudiera derivarse del acceso o la utilizaci\u00f3n de la P\u00e1gina Web se somete a la exclusiva jurisdicci\u00f3n de los Juzgados y Tribunales de Barcelona (Espa\u00f1a).<\/p><p>\u00a9 BARNASTOCK, S.A. 2020<\/p><p>Todos los derechos reservados.<\/p>\t\t\t\t\t\t\t\t<\/div>\n\t\t\t\t<\/div>\n\t\t\t\t\t<\/div>\n\t\t<\/div>\n\t\t\t\t\t<\/div>\n\t\t<\/section>\n\t\t\t\t<\/div>\n\t\t","protected":false},"excerpt":{"rendered":"<p>Aviso Legal El presente Aviso Legal establece las condiciones de uso de la P\u00e1gina Web www.barnastock.com (en adelante la P\u00e1gina Web). La utilizaci\u00f3n de la misma<span class=\"excerpt-hellip\"> [\u2026]<\/span><\/p>\n","protected":false},"author":2,"featured_media":518,"parent":0,"menu_order":0,"comment_status":"closed","ping_status":"closed","template":"elementor_header_footer","meta":{"footnotes":""},"class_list":["post-591","page","type-page","status-publish","has-post-thumbnail","hentry"],"yoast_head":"<!-- This site is optimized with the Yoast SEO plugin v27.2 - https:\/\/yoast.com\/product\/yoast-seo-wordpress\/ -->\n<title>Aviso legal - Barnastock<\/title>\n<meta name=\"robots\" content=\"index, follow, max-snippet:-1, max-image-preview:large, max-video-preview:-1\" \/>\n<link rel=\"canonical\" href=\"https:\/\/www.barnastock.com\/es\/aviso-legal\/\" \/>\n<meta property=\"og:locale\" content=\"es_ES\" \/>\n<meta property=\"og:type\" content=\"article\" \/>\n<meta property=\"og:title\" content=\"Aviso legal - Barnastock\" \/>\n<meta property=\"og:description\" content=\"Aviso Legal El presente Aviso Legal establece las condiciones de uso de la P\u00e1gina Web www.barnastock.com (en adelante la P\u00e1gina Web). La utilizaci\u00f3n de la misma [\u2026]\" \/>\n<meta property=\"og:url\" content=\"https:\/\/www.barnastock.com\/es\/aviso-legal\/\" \/>\n<meta property=\"og:site_name\" content=\"Barnastock\" \/>\n<meta property=\"article:modified_time\" content=\"2023-10-18T14:26:07+00:00\" \/>\n<meta property=\"og:image\" content=\"https:\/\/www.barnastock.com\/wp-content\/uploads\/2019\/10\/Barnastock-banner-home2.jpg\" \/>\n\t<meta property=\"og:image:width\" content=\"2000\" \/>\n\t<meta property=\"og:image:height\" content=\"723\" \/>\n\t<meta property=\"og:image:type\" content=\"image\/jpeg\" \/>\n<meta name=\"twitter:card\" content=\"summary_large_image\" \/>\n<meta name=\"twitter:label1\" content=\"Tiempo de lectura\" \/>\n\t<meta name=\"twitter:data1\" content=\"8 minutos\" \/>\n<script type=\"application\/ld+json\" class=\"yoast-schema-graph\">{\"@context\":\"https:\/\/schema.org\",\"@graph\":[{\"@type\":\"WebPage\",\"@id\":\"https:\/\/www.barnastock.com\/es\/aviso-legal\/\",\"url\":\"https:\/\/www.barnastock.com\/es\/aviso-legal\/\",\"name\":\"Aviso legal - Barnastock\",\"isPartOf\":{\"@id\":\"https:\/\/www.barnastock.com\/es\/#website\"},\"primaryImageOfPage\":{\"@id\":\"https:\/\/www.barnastock.com\/es\/aviso-legal\/#primaryimage\"},\"image\":{\"@id\":\"https:\/\/www.barnastock.com\/es\/aviso-legal\/#primaryimage\"},\"thumbnailUrl\":\"https:\/\/www.barnastock.com\/wp-content\/uploads\/2019\/10\/Barnastock-banner-home2.jpg\",\"datePublished\":\"2019-10-28T08:21:29+00:00\",\"dateModified\":\"2023-10-18T14:26:07+00:00\",\"breadcrumb\":{\"@id\":\"https:\/\/www.barnastock.com\/es\/aviso-legal\/#breadcrumb\"},\"inLanguage\":\"es\",\"potentialAction\":[{\"@type\":\"ReadAction\",\"target\":[\"https:\/\/www.barnastock.com\/es\/aviso-legal\/\"]}]},{\"@type\":\"ImageObject\",\"inLanguage\":\"es\",\"@id\":\"https:\/\/www.barnastock.com\/es\/aviso-legal\/#primaryimage\",\"url\":\"https:\/\/www.barnastock.com\/wp-content\/uploads\/2019\/10\/Barnastock-banner-home2.jpg\",\"contentUrl\":\"https:\/\/www.barnastock.com\/wp-content\/uploads\/2019\/10\/Barnastock-banner-home2.jpg\",\"width\":2000,\"height\":723},{\"@type\":\"BreadcrumbList\",\"@id\":\"https:\/\/www.barnastock.com\/es\/aviso-legal\/#breadcrumb\",\"itemListElement\":[{\"@type\":\"ListItem\",\"position\":1,\"name\":\"Home\",\"item\":\"https:\/\/www.barnastock.com\/es\/\"},{\"@type\":\"ListItem\",\"position\":2,\"name\":\"Aviso legal\"}]},{\"@type\":\"WebSite\",\"@id\":\"https:\/\/www.barnastock.com\/es\/#website\",\"url\":\"https:\/\/www.barnastock.com\/es\/\",\"name\":\"Barnastock\",\"description\":\"Almacenamiento de productos qu\u00edmicos peligrosos.\",\"publisher\":{\"@id\":\"https:\/\/www.barnastock.com\/es\/#organization\"},\"potentialAction\":[{\"@type\":\"SearchAction\",\"target\":{\"@type\":\"EntryPoint\",\"urlTemplate\":\"https:\/\/www.barnastock.com\/es\/?s={search_term_string}\"},\"query-input\":{\"@type\":\"PropertyValueSpecification\",\"valueRequired\":true,\"valueName\":\"search_term_string\"}}],\"inLanguage\":\"es\"},{\"@type\":\"Organization\",\"@id\":\"https:\/\/www.barnastock.com\/es\/#organization\",\"name\":\"Barnastock\",\"url\":\"https:\/\/www.barnastock.com\/es\/\",\"logo\":{\"@type\":\"ImageObject\",\"inLanguage\":\"es\",\"@id\":\"https:\/\/www.barnastock.com\/es\/#\/schema\/logo\/image\/\",\"url\":\"https:\/\/www.barnastock.com\/wp-content\/uploads\/2023\/10\/Barnastock-Horizontal-Green-2-1.png\",\"contentUrl\":\"https:\/\/www.barnastock.com\/wp-content\/uploads\/2023\/10\/Barnastock-Horizontal-Green-2-1.png\",\"width\":521,\"height\":103,\"caption\":\"Barnastock\"},\"image\":{\"@id\":\"https:\/\/www.barnastock.com\/es\/#\/schema\/logo\/image\/\"}}]}<\/script>\n<!-- \/ Yoast SEO plugin. -->","yoast_head_json":{"title":"Aviso legal - Barnastock","robots":{"index":"index","follow":"follow","max-snippet":"max-snippet:-1","max-image-preview":"max-image-preview:large","max-video-preview":"max-video-preview:-1"},"canonical":"https:\/\/www.barnastock.com\/es\/aviso-legal\/","og_locale":"es_ES","og_type":"article","og_title":"Aviso legal - Barnastock","og_description":"Aviso Legal El presente Aviso Legal establece las condiciones de uso de la P\u00e1gina Web www.barnastock.com (en adelante la P\u00e1gina Web). La utilizaci\u00f3n de la misma [\u2026]","og_url":"https:\/\/www.barnastock.com\/es\/aviso-legal\/","og_site_name":"Barnastock","article_modified_time":"2023-10-18T14:26:07+00:00","og_image":[{"width":2000,"height":723,"url":"https:\/\/www.barnastock.com\/wp-content\/uploads\/2019\/10\/Barnastock-banner-home2.jpg","type":"image\/jpeg"}],"twitter_card":"summary_large_image","twitter_misc":{"Tiempo de lectura":"8 minutos"},"schema":{"@context":"https:\/\/schema.org","@graph":[{"@type":"WebPage","@id":"https:\/\/www.barnastock.com\/es\/aviso-legal\/","url":"https:\/\/www.barnastock.com\/es\/aviso-legal\/","name":"Aviso legal - Barnastock","isPartOf":{"@id":"https:\/\/www.barnastock.com\/es\/#website"},"primaryImageOfPage":{"@id":"https:\/\/www.barnastock.com\/es\/aviso-legal\/#primaryimage"},"image":{"@id":"https:\/\/www.barnastock.com\/es\/aviso-legal\/#primaryimage"},"thumbnailUrl":"https:\/\/www.barnastock.com\/wp-content\/uploads\/2019\/10\/Barnastock-banner-home2.jpg","datePublished":"2019-10-28T08:21:29+00:00","dateModified":"2023-10-18T14:26:07+00:00","breadcrumb":{"@id":"https:\/\/www.barnastock.com\/es\/aviso-legal\/#breadcrumb"},"inLanguage":"es","potentialAction":[{"@type":"ReadAction","target":["https:\/\/www.barnastock.com\/es\/aviso-legal\/"]}]},{"@type":"ImageObject","inLanguage":"es","@id":"https:\/\/www.barnastock.com\/es\/aviso-legal\/#primaryimage","url":"https:\/\/www.barnastock.com\/wp-content\/uploads\/2019\/10\/Barnastock-banner-home2.jpg","contentUrl":"https:\/\/www.barnastock.com\/wp-content\/uploads\/2019\/10\/Barnastock-banner-home2.jpg","width":2000,"height":723},{"@type":"BreadcrumbList","@id":"https:\/\/www.barnastock.com\/es\/aviso-legal\/#breadcrumb","itemListElement":[{"@type":"ListItem","position":1,"name":"Home","item":"https:\/\/www.barnastock.com\/es\/"},{"@type":"ListItem","position":2,"name":"Aviso legal"}]},{"@type":"WebSite","@id":"https:\/\/www.barnastock.com\/es\/#website","url":"https:\/\/www.barnastock.com\/es\/","name":"Barnastock","description":"Almacenamiento de productos qu\u00edmicos peligrosos.","publisher":{"@id":"https:\/\/www.barnastock.com\/es\/#organization"},"potentialAction":[{"@type":"SearchAction","target":{"@type":"EntryPoint","urlTemplate":"https:\/\/www.barnastock.com\/es\/?s={search_term_string}"},"query-input":{"@type":"PropertyValueSpecification","valueRequired":true,"valueName":"search_term_string"}}],"inLanguage":"es"},{"@type":"Organization","@id":"https:\/\/www.barnastock.com\/es\/#organization","name":"Barnastock","url":"https:\/\/www.barnastock.com\/es\/","logo":{"@type":"ImageObject","inLanguage":"es","@id":"https:\/\/www.barnastock.com\/es\/#\/schema\/logo\/image\/","url":"https:\/\/www.barnastock.com\/wp-content\/uploads\/2023\/10\/Barnastock-Horizontal-Green-2-1.png","contentUrl":"https:\/\/www.barnastock.com\/wp-content\/uploads\/2023\/10\/Barnastock-Horizontal-Green-2-1.png","width":521,"height":103,"caption":"Barnastock"},"image":{"@id":"https:\/\/www.barnastock.com\/es\/#\/schema\/logo\/image\/"}}]}},"_links":{"self":[{"href":"https:\/\/www.barnastock.com\/es\/wp-json\/wp\/v2\/pages\/591","targetHints":{"allow":["GET"]}}],"collection":[{"href":"https:\/\/www.barnastock.com\/es\/wp-json\/wp\/v2\/pages"}],"about":[{"href":"https:\/\/www.barnastock.com\/es\/wp-json\/wp\/v2\/types\/page"}],"author":[{"embeddable":true,"href":"https:\/\/www.barnastock.com\/es\/wp-json\/wp\/v2\/users\/2"}],"replies":[{"embeddable":true,"href":"https:\/\/www.barnastock.com\/es\/wp-json\/wp\/v2\/comments?post=591"}],"version-history":[{"count":10,"href":"https:\/\/www.barnastock.com\/es\/wp-json\/wp\/v2\/pages\/591\/revisions"}],"predecessor-version":[{"id":6408,"href":"https:\/\/www.barnastock.com\/es\/wp-json\/wp\/v2\/pages\/591\/revisions\/6408"}],"wp:featuredmedia":[{"embeddable":true,"href":"https:\/\/www.barnastock.com\/es\/wp-json\/wp\/v2\/media\/518"}],"wp:attachment":[{"href":"https:\/\/www.barnastock.com\/es\/wp-json\/wp\/v2\/media?parent=591"}],"curies":[{"name":"wp","href":"https:\/\/api.w.org\/{rel}","templated":true}]}}