{"id":5321,"date":"2022-11-30T10:02:50","date_gmt":"2022-11-30T10:02:50","guid":{"rendered":"https:\/\/www.barnastock.com\/?page_id=5321"},"modified":"2022-12-15T13:18:48","modified_gmt":"2022-12-15T13:18:48","slug":"thanks-for-the-chemistry","status":"publish","type":"page","link":"https:\/\/www.barnastock.com\/es\/thanks-for-the-chemistry\/","title":{"rendered":"Thanks for the Chemistry"},"content":{"rendered":"\t\t<div data-elementor-type=\"wp-page\" data-elementor-id=\"5321\" class=\"elementor elementor-5321\" data-elementor-post-type=\"page\">\n\t\t\t\t\t\t<section class=\"elementor-section elementor-top-section elementor-element elementor-element-dd0ee41 elementor-section-boxed elementor-section-height-default elementor-section-height-default\" data-id=\"dd0ee41\" data-element_type=\"section\" data-e-type=\"section\" data-settings=\"{&quot;background_background&quot;:&quot;classic&quot;}\">\n\t\t\t\t\t\t<div class=\"elementor-container elementor-column-gap-default\">\n\t\t\t\t\t<div class=\"elementor-column elementor-col-100 elementor-top-column elementor-element elementor-element-4d1bf4a\" data-id=\"4d1bf4a\" data-element_type=\"column\" data-e-type=\"column\">\n\t\t\t<div class=\"elementor-widget-wrap elementor-element-populated\">\n\t\t\t\t\t\t<div class=\"elementor-element elementor-element-1046e50 elementor-widget elementor-widget-image\" data-id=\"1046e50\" data-element_type=\"widget\" data-e-type=\"widget\" data-widget_type=\"image.default\">\n\t\t\t\t<div class=\"elementor-widget-container\">\n\t\t\t\t\t\t\t\t\t\t\t\t\t\t\t<img decoding=\"async\" src=\"https:\/\/www.barnastock.com\/wp-content\/uploads\/2022\/11\/Imagen-principal-Landing.svg\" class=\"attachment-large size-large wp-image-5317\" alt=\"\" \/>\t\t\t\t\t\t\t\t\t\t\t\t\t\t\t<\/div>\n\t\t\t\t<\/div>\n\t\t\t\t\t<\/div>\n\t\t<\/div>\n\t\t\t\t\t<\/div>\n\t\t<\/section>\n\t\t\t\t<section class=\"elementor-section elementor-top-section elementor-element elementor-element-42d6f10 elementor-section-boxed elementor-section-height-default elementor-section-height-default\" data-id=\"42d6f10\" data-element_type=\"section\" data-e-type=\"section\" data-settings=\"{&quot;background_background&quot;:&quot;classic&quot;}\">\n\t\t\t\t\t\t<div class=\"elementor-container elementor-column-gap-default\">\n\t\t\t\t\t<div class=\"elementor-column elementor-col-100 elementor-top-column elementor-element elementor-element-7a6ec0d\" data-id=\"7a6ec0d\" data-element_type=\"column\" data-e-type=\"column\">\n\t\t\t<div class=\"elementor-widget-wrap elementor-element-populated\">\n\t\t\t\t\t\t<div class=\"elementor-element elementor-element-a9f872c elementor-widget elementor-widget-heading\" data-id=\"a9f872c\" data-element_type=\"widget\" data-e-type=\"widget\" data-widget_type=\"heading.default\">\n\t\t\t\t<div class=\"elementor-widget-container\">\n\t\t\t\t\t<h2 class=\"elementor-heading-title elementor-size-default\">Lo mejor que tenemos es la qu\u00edmica de las personas<\/h2>\t\t\t\t<\/div>\n\t\t\t\t<\/div>\n\t\t\t\t<div class=\"elementor-element elementor-element-2efaf2c elementor-widget elementor-widget-text-editor\" data-id=\"2efaf2c\" data-element_type=\"widget\" data-e-type=\"widget\" data-widget_type=\"text-editor.default\">\n\t\t\t\t<div class=\"elementor-widget-container\">\n\t\t\t\t\t\t\t\t\t<p>Grup Barcelonesa cumple 80 a\u00f1os cargados de qu\u00edmica. De mol\u00e9culas que suman. De la energ\u00eda de un equipo que comparte un ADN y se transforma con el contacto. Y nos hemos dado cuenta de que, al final, la verdadera qu\u00edmica es esa: <strong>la qu\u00edmica de las personas.<\/strong><\/p><p>Hoy celebramos la qu\u00edmica que nos mueve y nos hace crecer. Una qu\u00edmica que, si la escuchas bien, <strong>se convierte en m\u00fasica.<\/strong><\/p>\t\t\t\t\t\t\t\t<\/div>\n\t\t\t\t<\/div>\n\t\t\t\t<div class=\"elementor-element elementor-element-e53a845 elementor-widget elementor-widget-video\" data-id=\"e53a845\" data-element_type=\"widget\" data-e-type=\"widget\" data-settings=\"{&quot;youtube_url&quot;:&quot;https:\\\/\\\/youtu.be\\\/BCy7yxdO4t8&quot;,&quot;show_image_overlay&quot;:&quot;yes&quot;,&quot;image_overlay&quot;:{&quot;url&quot;:&quot;https:\\\/\\\/www.barnastock.com\\\/wp-content\\\/uploads\\\/2022\\\/12\\\/Video-Landing.png&quot;,&quot;id&quot;:5364,&quot;size&quot;:&quot;&quot;},&quot;video_type&quot;:&quot;youtube&quot;,&quot;controls&quot;:&quot;yes&quot;}\" data-widget_type=\"video.default\">\n\t\t\t\t<div class=\"elementor-widget-container\">\n\t\t\t\t\t\t\t<div class=\"elementor-wrapper elementor-open-inline\">\n\t\t\t<div class=\"elementor-video\"><\/div>\t\t\t\t<div class=\"elementor-custom-embed-image-overlay\" style=\"background-image: url(https:\/\/www.barnastock.com\/wp-content\/uploads\/2022\/12\/Video-Landing.png);\">\n\t\t\t\t\t\t\t\t\t\t\t\t\t\t<\/div>\n\t\t\t\t\t<\/div>\n\t\t\t\t\t\t<\/div>\n\t\t\t\t<\/div>\n\t\t\t\t\t<\/div>\n\t\t<\/div>\n\t\t\t\t\t<\/div>\n\t\t<\/section>\n\t\t\t\t<section class=\"elementor-section elementor-top-section elementor-element elementor-element-7943999 elementor-section-boxed elementor-section-height-default elementor-section-height-default\" data-id=\"7943999\" data-element_type=\"section\" data-e-type=\"section\">\n\t\t\t\t\t\t<div class=\"elementor-container elementor-column-gap-default\">\n\t\t\t\t\t<div class=\"elementor-column elementor-col-100 elementor-top-column elementor-element elementor-element-fb32a43\" data-id=\"fb32a43\" data-element_type=\"column\" data-e-type=\"column\">\n\t\t\t<div class=\"elementor-widget-wrap elementor-element-populated\">\n\t\t\t\t\t\t<div class=\"elementor-element elementor-element-e385052 elementor-widget elementor-widget-heading\" data-id=\"e385052\" data-element_type=\"widget\" data-e-type=\"widget\" data-widget_type=\"heading.default\">\n\t\t\t\t<div class=\"elementor-widget-container\">\n\t\t\t\t\t<h2 class=\"elementor-heading-title elementor-size-default\">La m\u00fasica tambi\u00e9n es qu\u00edmica <br>para los que m\u00e1s lo necesitan<\/h2>\t\t\t\t<\/div>\n\t\t\t\t<\/div>\n\t\t\t\t<section class=\"elementor-section elementor-inner-section elementor-element elementor-element-4f018a4 elementor-section-boxed elementor-section-height-default elementor-section-height-default\" data-id=\"4f018a4\" data-element_type=\"section\" data-e-type=\"section\">\n\t\t\t\t\t\t<div class=\"elementor-container elementor-column-gap-default\">\n\t\t\t\t\t<div class=\"elementor-column elementor-col-50 elementor-inner-column elementor-element elementor-element-b523043\" data-id=\"b523043\" data-element_type=\"column\" data-e-type=\"column\">\n\t\t\t<div class=\"elementor-widget-wrap elementor-element-populated\">\n\t\t\t\t\t\t<div class=\"elementor-element elementor-element-7ba21ad elementor-widget elementor-widget-text-editor\" data-id=\"7ba21ad\" data-element_type=\"widget\" data-e-type=\"widget\" data-widget_type=\"text-editor.default\">\n\t\t\t\t<div class=\"elementor-widget-container\">\n\t\t\t\t\t\t\t\t\t<p>Este a\u00f1o colaboramos con la <strong>Fundaci\u00f3n M\u00fasicos por la Salud<\/strong>, cuya actividad est\u00e1 basada en los beneficios que la m\u00fasica en directo aporta a los procesos de recuperaci\u00f3n y al estado de \u00e1nimo y de salud de los pacientes hospitalarios y familiares.<\/p><p>Vamos a contribuir a que suenen <strong>481 minutos de m\u00fasica<\/strong> en forma de microconciertos en los hospitales de Sant Joan de D\u00e9u y Vall d\u2019Hebron. Uno por cada uno de los trabajadores, trabajadoras y partners que trabajan en y con Grup Barcelonesa.<\/p>\t\t\t\t\t\t\t\t<\/div>\n\t\t\t\t<\/div>\n\t\t\t\t\t<\/div>\n\t\t<\/div>\n\t\t\t\t<div class=\"elementor-column elementor-col-50 elementor-inner-column elementor-element elementor-element-12e4fdd\" data-id=\"12e4fdd\" data-element_type=\"column\" data-e-type=\"column\">\n\t\t\t<div class=\"elementor-widget-wrap elementor-element-populated\">\n\t\t\t\t\t\t<div class=\"elementor-element elementor-element-96bf3b0 elementor-widget elementor-widget-image\" data-id=\"96bf3b0\" data-element_type=\"widget\" data-e-type=\"widget\" data-widget_type=\"image.default\">\n\t\t\t\t<div class=\"elementor-widget-container\">\n\t\t\t\t\t\t\t\t\t\t\t\t\t\t\t<img fetchpriority=\"high\" decoding=\"async\" width=\"1006\" height=\"750\" src=\"https:\/\/www.barnastock.com\/wp-content\/uploads\/2022\/11\/Musicos-por-la-salud-hd.png\" class=\"attachment-large size-large wp-image-5345\" alt=\"\" srcset=\"https:\/\/www.barnastock.com\/wp-content\/uploads\/2022\/11\/Musicos-por-la-salud-hd.png 1006w, https:\/\/www.barnastock.com\/wp-content\/uploads\/2022\/11\/Musicos-por-la-salud-hd-300x224.png 300w, https:\/\/www.barnastock.com\/wp-content\/uploads\/2022\/11\/Musicos-por-la-salud-hd-768x573.png 768w, https:\/\/www.barnastock.com\/wp-content\/uploads\/2022\/11\/Musicos-por-la-salud-hd-196x146.png 196w, https:\/\/www.barnastock.com\/wp-content\/uploads\/2022\/11\/Musicos-por-la-salud-hd-50x37.png 50w, https:\/\/www.barnastock.com\/wp-content\/uploads\/2022\/11\/Musicos-por-la-salud-hd-101x75.png 101w\" sizes=\"(max-width:767px) 480px, (max-width:1006px) 100vw, 1006px\" \/>\t\t\t\t\t\t\t\t\t\t\t\t\t\t\t<\/div>\n\t\t\t\t<\/div>\n\t\t\t\t\t<\/div>\n\t\t<\/div>\n\t\t\t\t\t<\/div>\n\t\t<\/section>\n\t\t\t\t<div class=\"elementor-element elementor-element-3d73ad7 elementor-widget elementor-widget-button\" data-id=\"3d73ad7\" data-element_type=\"widget\" data-e-type=\"widget\" data-widget_type=\"button.default\">\n\t\t\t\t<div class=\"elementor-widget-container\">\n\t\t\t\t\t\t\t\t\t<div class=\"elementor-button-wrapper\">\n\t\t\t\t\t<a class=\"elementor-button elementor-button-link elementor-size-lg\" href=\"https:\/\/www.musicosporlasalud.org\/hazte-socio\/\">\n\t\t\t\t\t\t<span class=\"elementor-button-content-wrapper\">\n\t\t\t\t\t\t\t\t\t<span class=\"elementor-button-text\"><STRONG>QUIERO SABER M\u00c1S<\/span>\n\t\t\t\t\t<\/span>\n\t\t\t\t\t<\/a>\n\t\t\t\t<\/div>\n\t\t\t\t\t\t\t\t<\/div>\n\t\t\t\t<\/div>\n\t\t\t\t\t<\/div>\n\t\t<\/div>\n\t\t\t\t\t<\/div>\n\t\t<\/section>\n\t\t\t\t<section class=\"elementor-section elementor-top-section elementor-element elementor-element-c487030 elementor-section-boxed elementor-section-height-default elementor-section-height-default\" data-id=\"c487030\" data-element_type=\"section\" data-e-type=\"section\" data-settings=\"{&quot;background_background&quot;:&quot;classic&quot;}\">\n\t\t\t\t\t\t<div class=\"elementor-container elementor-column-gap-default\">\n\t\t\t\t\t<div class=\"elementor-column elementor-col-100 elementor-top-column elementor-element elementor-element-9249e1a\" data-id=\"9249e1a\" data-element_type=\"column\" data-e-type=\"column\">\n\t\t\t<div class=\"elementor-widget-wrap elementor-element-populated\">\n\t\t\t\t\t\t<div class=\"elementor-element elementor-element-de29791 elementor-widget elementor-widget-image\" data-id=\"de29791\" data-element_type=\"widget\" data-e-type=\"widget\" data-widget_type=\"image.default\">\n\t\t\t\t<div class=\"elementor-widget-container\">\n\t\t\t\t\t\t\t\t\t\t\t\t\t\t\t<img decoding=\"async\" src=\"https:\/\/www.barnastock.com\/wp-content\/uploads\/2022\/11\/Frame.svg\" class=\"attachment-large size-large wp-image-5319\" alt=\"\" \/>\t\t\t\t\t\t\t\t\t\t\t\t\t\t\t<\/div>\n\t\t\t\t<\/div>\n\t\t\t\t\t<\/div>\n\t\t<\/div>\n\t\t\t\t\t<\/div>\n\t\t<\/section>\n\t\t\t\t<\/div>\n\t\t","protected":false},"excerpt":{"rendered":"<p>Lo mejor que tenemos es la qu\u00edmica de las personas Grup Barcelonesa cumple 80 a\u00f1os cargados de qu\u00edmica. De mol\u00e9culas que suman. De la energ\u00eda de<span class=\"excerpt-hellip\"> [\u2026]<\/span><\/p>\n","protected":false},"author":2,"featured_media":0,"parent":0,"menu_order":0,"comment_status":"closed","ping_status":"closed","template":"elementor_header_footer","meta":{"footnotes":""},"class_list":["post-5321","page","type-page","status-publish","hentry"],"yoast_head":"<!-- This site is optimized with the Yoast SEO plugin v27.2 - https:\/\/yoast.com\/product\/yoast-seo-wordpress\/ -->\n<title>Thanks for the Chemistry - Barnastock<\/title>\n<meta name=\"robots\" content=\"index, follow, max-snippet:-1, max-image-preview:large, max-video-preview:-1\" \/>\n<link rel=\"canonical\" href=\"https:\/\/www.barnastock.com\/es\/thanks-for-the-chemistry\/\" \/>\n<meta property=\"og:locale\" content=\"es_ES\" \/>\n<meta property=\"og:type\" content=\"article\" \/>\n<meta property=\"og:title\" content=\"Thanks for the Chemistry - Barnastock\" \/>\n<meta property=\"og:description\" content=\"Lo mejor que tenemos es la qu\u00edmica de las personas Grup Barcelonesa cumple 80 a\u00f1os cargados de qu\u00edmica. De mol\u00e9culas que suman. De la energ\u00eda de [\u2026]\" \/>\n<meta property=\"og:url\" content=\"https:\/\/www.barnastock.com\/es\/thanks-for-the-chemistry\/\" \/>\n<meta property=\"og:site_name\" content=\"Barnastock\" \/>\n<meta property=\"article:modified_time\" content=\"2022-12-15T13:18:48+00:00\" \/>\n<meta property=\"og:image\" content=\"https:\/\/www.barnastock.com\/wp-content\/uploads\/2022\/11\/Imagen-principal-Landing.svg\" \/>\n<meta name=\"twitter:card\" content=\"summary_large_image\" \/>\n<meta name=\"twitter:label1\" content=\"Tiempo de lectura\" \/>\n\t<meta name=\"twitter:data1\" content=\"1 minuto\" \/>\n<script type=\"application\/ld+json\" class=\"yoast-schema-graph\">{\"@context\":\"https:\/\/schema.org\",\"@graph\":[{\"@type\":\"WebPage\",\"@id\":\"https:\/\/www.barnastock.com\/es\/thanks-for-the-chemistry\/\",\"url\":\"https:\/\/www.barnastock.com\/es\/thanks-for-the-chemistry\/\",\"name\":\"Thanks for the Chemistry - Barnastock\",\"isPartOf\":{\"@id\":\"https:\/\/www.barnastock.com\/es\/#website\"},\"primaryImageOfPage\":{\"@id\":\"https:\/\/www.barnastock.com\/es\/thanks-for-the-chemistry\/#primaryimage\"},\"image\":{\"@id\":\"https:\/\/www.barnastock.com\/es\/thanks-for-the-chemistry\/#primaryimage\"},\"thumbnailUrl\":\"https:\/\/www.barnastock.com\/wp-content\/uploads\/2022\/11\/Imagen-principal-Landing.svg\",\"datePublished\":\"2022-11-30T10:02:50+00:00\",\"dateModified\":\"2022-12-15T13:18:48+00:00\",\"breadcrumb\":{\"@id\":\"https:\/\/www.barnastock.com\/es\/thanks-for-the-chemistry\/#breadcrumb\"},\"inLanguage\":\"es\",\"potentialAction\":[{\"@type\":\"ReadAction\",\"target\":[\"https:\/\/www.barnastock.com\/es\/thanks-for-the-chemistry\/\"]}]},{\"@type\":\"ImageObject\",\"inLanguage\":\"es\",\"@id\":\"https:\/\/www.barnastock.com\/es\/thanks-for-the-chemistry\/#primaryimage\",\"url\":\"https:\/\/www.barnastock.com\/wp-content\/uploads\/2022\/11\/Imagen-principal-Landing.svg\",\"contentUrl\":\"https:\/\/www.barnastock.com\/wp-content\/uploads\/2022\/11\/Imagen-principal-Landing.svg\"},{\"@type\":\"BreadcrumbList\",\"@id\":\"https:\/\/www.barnastock.com\/es\/thanks-for-the-chemistry\/#breadcrumb\",\"itemListElement\":[{\"@type\":\"ListItem\",\"position\":1,\"name\":\"Home\",\"item\":\"https:\/\/www.barnastock.com\/es\/\"},{\"@type\":\"ListItem\",\"position\":2,\"name\":\"Thanks for the Chemistry\"}]},{\"@type\":\"WebSite\",\"@id\":\"https:\/\/www.barnastock.com\/es\/#website\",\"url\":\"https:\/\/www.barnastock.com\/es\/\",\"name\":\"Barnastock\",\"description\":\"Almacenamiento de productos qu\u00edmicos peligrosos.\",\"publisher\":{\"@id\":\"https:\/\/www.barnastock.com\/es\/#organization\"},\"potentialAction\":[{\"@type\":\"SearchAction\",\"target\":{\"@type\":\"EntryPoint\",\"urlTemplate\":\"https:\/\/www.barnastock.com\/es\/?s={search_term_string}\"},\"query-input\":{\"@type\":\"PropertyValueSpecification\",\"valueRequired\":true,\"valueName\":\"search_term_string\"}}],\"inLanguage\":\"es\"},{\"@type\":\"Organization\",\"@id\":\"https:\/\/www.barnastock.com\/es\/#organization\",\"name\":\"Barnastock\",\"url\":\"https:\/\/www.barnastock.com\/es\/\",\"logo\":{\"@type\":\"ImageObject\",\"inLanguage\":\"es\",\"@id\":\"https:\/\/www.barnastock.com\/es\/#\/schema\/logo\/image\/\",\"url\":\"https:\/\/www.barnastock.com\/wp-content\/uploads\/2023\/10\/Barnastock-Horizontal-Green-2-1.png\",\"contentUrl\":\"https:\/\/www.barnastock.com\/wp-content\/uploads\/2023\/10\/Barnastock-Horizontal-Green-2-1.png\",\"width\":521,\"height\":103,\"caption\":\"Barnastock\"},\"image\":{\"@id\":\"https:\/\/www.barnastock.com\/es\/#\/schema\/logo\/image\/\"}}]}<\/script>\n<!-- \/ Yoast SEO plugin. -->","yoast_head_json":{"title":"Thanks for the Chemistry - Barnastock","robots":{"index":"index","follow":"follow","max-snippet":"max-snippet:-1","max-image-preview":"max-image-preview:large","max-video-preview":"max-video-preview:-1"},"canonical":"https:\/\/www.barnastock.com\/es\/thanks-for-the-chemistry\/","og_locale":"es_ES","og_type":"article","og_title":"Thanks for the Chemistry - Barnastock","og_description":"Lo mejor que tenemos es la qu\u00edmica de las personas Grup Barcelonesa cumple 80 a\u00f1os cargados de qu\u00edmica. De mol\u00e9culas que suman. De la energ\u00eda de [\u2026]","og_url":"https:\/\/www.barnastock.com\/es\/thanks-for-the-chemistry\/","og_site_name":"Barnastock","article_modified_time":"2022-12-15T13:18:48+00:00","og_image":[{"url":"https:\/\/www.barnastock.com\/wp-content\/uploads\/2022\/11\/Imagen-principal-Landing.svg","type":"","width":"","height":""}],"twitter_card":"summary_large_image","twitter_misc":{"Tiempo de lectura":"1 minuto"},"schema":{"@context":"https:\/\/schema.org","@graph":[{"@type":"WebPage","@id":"https:\/\/www.barnastock.com\/es\/thanks-for-the-chemistry\/","url":"https:\/\/www.barnastock.com\/es\/thanks-for-the-chemistry\/","name":"Thanks for the Chemistry - Barnastock","isPartOf":{"@id":"https:\/\/www.barnastock.com\/es\/#website"},"primaryImageOfPage":{"@id":"https:\/\/www.barnastock.com\/es\/thanks-for-the-chemistry\/#primaryimage"},"image":{"@id":"https:\/\/www.barnastock.com\/es\/thanks-for-the-chemistry\/#primaryimage"},"thumbnailUrl":"https:\/\/www.barnastock.com\/wp-content\/uploads\/2022\/11\/Imagen-principal-Landing.svg","datePublished":"2022-11-30T10:02:50+00:00","dateModified":"2022-12-15T13:18:48+00:00","breadcrumb":{"@id":"https:\/\/www.barnastock.com\/es\/thanks-for-the-chemistry\/#breadcrumb"},"inLanguage":"es","potentialAction":[{"@type":"ReadAction","target":["https:\/\/www.barnastock.com\/es\/thanks-for-the-chemistry\/"]}]},{"@type":"ImageObject","inLanguage":"es","@id":"https:\/\/www.barnastock.com\/es\/thanks-for-the-chemistry\/#primaryimage","url":"https:\/\/www.barnastock.com\/wp-content\/uploads\/2022\/11\/Imagen-principal-Landing.svg","contentUrl":"https:\/\/www.barnastock.com\/wp-content\/uploads\/2022\/11\/Imagen-principal-Landing.svg"},{"@type":"BreadcrumbList","@id":"https:\/\/www.barnastock.com\/es\/thanks-for-the-chemistry\/#breadcrumb","itemListElement":[{"@type":"ListItem","position":1,"name":"Home","item":"https:\/\/www.barnastock.com\/es\/"},{"@type":"ListItem","position":2,"name":"Thanks for the Chemistry"}]},{"@type":"WebSite","@id":"https:\/\/www.barnastock.com\/es\/#website","url":"https:\/\/www.barnastock.com\/es\/","name":"Barnastock","description":"Almacenamiento de productos qu\u00edmicos peligrosos.","publisher":{"@id":"https:\/\/www.barnastock.com\/es\/#organization"},"potentialAction":[{"@type":"SearchAction","target":{"@type":"EntryPoint","urlTemplate":"https:\/\/www.barnastock.com\/es\/?s={search_term_string}"},"query-input":{"@type":"PropertyValueSpecification","valueRequired":true,"valueName":"search_term_string"}}],"inLanguage":"es"},{"@type":"Organization","@id":"https:\/\/www.barnastock.com\/es\/#organization","name":"Barnastock","url":"https:\/\/www.barnastock.com\/es\/","logo":{"@type":"ImageObject","inLanguage":"es","@id":"https:\/\/www.barnastock.com\/es\/#\/schema\/logo\/image\/","url":"https:\/\/www.barnastock.com\/wp-content\/uploads\/2023\/10\/Barnastock-Horizontal-Green-2-1.png","contentUrl":"https:\/\/www.barnastock.com\/wp-content\/uploads\/2023\/10\/Barnastock-Horizontal-Green-2-1.png","width":521,"height":103,"caption":"Barnastock"},"image":{"@id":"https:\/\/www.barnastock.com\/es\/#\/schema\/logo\/image\/"}}]}},"_links":{"self":[{"href":"https:\/\/www.barnastock.com\/es\/wp-json\/wp\/v2\/pages\/5321","targetHints":{"allow":["GET"]}}],"collection":[{"href":"https:\/\/www.barnastock.com\/es\/wp-json\/wp\/v2\/pages"}],"about":[{"href":"https:\/\/www.barnastock.com\/es\/wp-json\/wp\/v2\/types\/page"}],"author":[{"embeddable":true,"href":"https:\/\/www.barnastock.com\/es\/wp-json\/wp\/v2\/users\/2"}],"replies":[{"embeddable":true,"href":"https:\/\/www.barnastock.com\/es\/wp-json\/wp\/v2\/comments?post=5321"}],"version-history":[{"count":10,"href":"https:\/\/www.barnastock.com\/es\/wp-json\/wp\/v2\/pages\/5321\/revisions"}],"predecessor-version":[{"id":5390,"href":"https:\/\/www.barnastock.com\/es\/wp-json\/wp\/v2\/pages\/5321\/revisions\/5390"}],"wp:attachment":[{"href":"https:\/\/www.barnastock.com\/es\/wp-json\/wp\/v2\/media?parent=5321"}],"curies":[{"name":"wp","href":"https:\/\/api.w.org\/{rel}","templated":true}]}}