{"id":3298,"date":"2020-07-13T15:35:54","date_gmt":"2020-07-13T15:35:54","guid":{"rendered":"https:\/\/www.barnastock.com\/?page_id=3298"},"modified":"2025-02-25T06:57:01","modified_gmt":"2025-02-25T06:57:01","slug":"quienes-somos","status":"publish","type":"page","link":"https:\/\/www.barnastock.com\/es\/quienes-somos\/","title":{"rendered":"Sobre nosotros"},"content":{"rendered":"\t\t<div data-elementor-type=\"wp-page\" data-elementor-id=\"3298\" class=\"elementor elementor-3298\" data-elementor-post-type=\"page\">\n\t\t\t\t\t\t<section class=\"elementor-section elementor-top-section elementor-element elementor-element-5b4650de elementor-section-stretched elementor-section-height-min-height elementor-section-full_width elementor-section-height-default elementor-section-items-middle\" data-id=\"5b4650de\" data-element_type=\"section\" data-e-type=\"section\" data-settings=\"{&quot;stretch_section&quot;:&quot;section-stretched&quot;,&quot;background_background&quot;:&quot;classic&quot;,&quot;background_motion_fx_motion_fx_scrolling&quot;:&quot;yes&quot;,&quot;background_motion_fx_opacity_effect&quot;:&quot;yes&quot;,&quot;background_motion_fx_opacity_direction&quot;:&quot;in-out&quot;,&quot;background_motion_fx_opacity_range&quot;:{&quot;unit&quot;:&quot;%&quot;,&quot;size&quot;:&quot;&quot;,&quot;sizes&quot;:{&quot;start&quot;:51,&quot;end&quot;:76}},&quot;background_motion_fx_opacity_level&quot;:{&quot;unit&quot;:&quot;px&quot;,&quot;size&quot;:10,&quot;sizes&quot;:[]},&quot;background_motion_fx_devices&quot;:[&quot;desktop&quot;,&quot;tablet&quot;,&quot;mobile&quot;]}\">\n\t\t\t\t\t\t\t<div class=\"elementor-background-overlay\"><\/div>\n\t\t\t\t\t\t\t<div class=\"elementor-container elementor-column-gap-default\">\n\t\t\t\t\t<div class=\"elementor-column elementor-col-100 elementor-top-column elementor-element elementor-element-7a30e775\" data-id=\"7a30e775\" data-element_type=\"column\" data-e-type=\"column\">\n\t\t\t<div class=\"elementor-widget-wrap elementor-element-populated\">\n\t\t\t\t\t\t<div class=\"elementor-element elementor-element-39b35964 elementor-widget elementor-widget-heading\" data-id=\"39b35964\" data-element_type=\"widget\" data-e-type=\"widget\" data-widget_type=\"heading.default\">\n\t\t\t\t<div class=\"elementor-widget-container\">\n\t\t\t\t\t<h1 class=\"elementor-heading-title elementor-size-default\">Sobre nosotros<\/h1>\t\t\t\t<\/div>\n\t\t\t\t<\/div>\n\t\t\t\t<div class=\"elementor-element elementor-element-73cf061 elementor-align-right elementor-widget__width-initial elementor-fixed elementor-hidden-mobile elementor-widget elementor-widget-button\" data-id=\"73cf061\" data-element_type=\"widget\" data-e-type=\"widget\" data-settings=\"{&quot;_position&quot;:&quot;fixed&quot;}\" data-widget_type=\"button.default\">\n\t\t\t\t<div class=\"elementor-widget-container\">\n\t\t\t\t\t\t\t\t\t<div class=\"elementor-button-wrapper\">\n\t\t\t\t\t<a class=\"elementor-button elementor-button-link elementor-size-lg\" href=\"#elementor-action%3Aaction%3Dpopup%3Aopen%26settings%3DeyJpZCI6MTc4OSwidG9nZ2xlIjpmYWxzZX0%3D\">\n\t\t\t\t\t\t<span class=\"elementor-button-content-wrapper\">\n\t\t\t\t\t\t<span class=\"elementor-button-icon\">\n\t\t\t\t<i aria-hidden=\"true\" class=\"fas fa-envelope\"><\/i>\t\t\t<\/span>\n\t\t\t\t\t\t\t\t<\/span>\n\t\t\t\t\t<\/a>\n\t\t\t\t<\/div>\n\t\t\t\t\t\t\t\t<\/div>\n\t\t\t\t<\/div>\n\t\t\t\t\t<\/div>\n\t\t<\/div>\n\t\t\t\t\t<\/div>\n\t\t<\/section>\n\t\t\t\t<section class=\"elementor-section elementor-top-section elementor-element elementor-element-b888257 elementor-section-stretched elementor-hidden-desktop elementor-hidden-tablet elementor-hidden-mobile elementor-section-boxed elementor-section-height-default elementor-section-height-default\" data-id=\"b888257\" data-element_type=\"section\" data-e-type=\"section\" data-settings=\"{&quot;stretch_section&quot;:&quot;section-stretched&quot;}\">\n\t\t\t\t\t\t<div class=\"elementor-container elementor-column-gap-default\">\n\t\t\t\t\t<div class=\"elementor-column elementor-col-50 elementor-top-column elementor-element elementor-element-5ef8293\" data-id=\"5ef8293\" data-element_type=\"column\" data-e-type=\"column\">\n\t\t\t<div class=\"elementor-widget-wrap elementor-element-populated\">\n\t\t\t\t\t\t<div class=\"elementor-element elementor-element-14184b4 elementor-widget elementor-widget-text-editor\" data-id=\"14184b4\" data-element_type=\"widget\" data-e-type=\"widget\" data-widget_type=\"text-editor.default\">\n\t\t\t\t<div class=\"elementor-widget-container\">\n\t\t\t\t\t\t\t\t\t<p><b>Barnastock es una empresa integrada en Grup Barcelonesa<\/b> <b>(Grupo con +75 a\u00f1os de historia que ofrece un servicio 360\u00b0 a la Industria Qu\u00edmica)<\/b>.<\/p><p>El Grupo est\u00e1 formado por tres empresas principales: una empresa de distribuci\u00f3n qu\u00edmica (Barcelonesa) , una empresa de transporte especializada en productos qu\u00edmicos (BDTrans) y, por \u00faltimo, una empresa especializada en log\u00edstica qu\u00edmica: Barnastock.<\/p><p>Gracias a pertenecer a Grup Barcelonesa disponemos de los recursos de una gran compa\u00f1\u00eda (humanos, financieros y log\u00edsticos). Y por ello, a\u00a0d\u00eda de hoy, <strong>Barnastock es uno de los principales operadores log\u00edsticos nacionales especializados en el almacenamiento y manipulaci\u00f3n de productos qu\u00edmicos peligrosos.<br \/><br \/><\/strong>Descubre la historia de Barnastock desde sus inicios, en el a\u00f1o 1982, hasta la actualidad:<\/p>\t\t\t\t\t\t\t\t<\/div>\n\t\t\t\t<\/div>\n\t\t\t\t\t<\/div>\n\t\t<\/div>\n\t\t\t\t<div class=\"elementor-column elementor-col-50 elementor-top-column elementor-element elementor-element-8e45484\" data-id=\"8e45484\" data-element_type=\"column\" data-e-type=\"column\">\n\t\t\t<div class=\"elementor-widget-wrap elementor-element-populated\">\n\t\t\t\t\t\t<div class=\"elementor-element elementor-element-6032225 elementor-widget elementor-widget-image\" data-id=\"6032225\" data-element_type=\"widget\" data-e-type=\"widget\" data-widget_type=\"image.default\">\n\t\t\t\t<div class=\"elementor-widget-container\">\n\t\t\t\t\t\t\t\t\t\t\t\t\t\t\t<img fetchpriority=\"high\" decoding=\"async\" width=\"550\" height=\"367\" src=\"https:\/\/www.barnastock.com\/wp-content\/uploads\/2020\/07\/equipo-barnastock-almacenaje.jpg\" class=\"attachment-large size-large wp-image-3585\" alt=\"\" srcset=\"https:\/\/www.barnastock.com\/wp-content\/uploads\/2020\/07\/equipo-barnastock-almacenaje.jpg 550w, https:\/\/www.barnastock.com\/wp-content\/uploads\/2020\/07\/equipo-barnastock-almacenaje-300x200.jpg 300w, https:\/\/www.barnastock.com\/wp-content\/uploads\/2020\/07\/equipo-barnastock-almacenaje-219x146.jpg 219w, https:\/\/www.barnastock.com\/wp-content\/uploads\/2020\/07\/equipo-barnastock-almacenaje-50x33.jpg 50w, https:\/\/www.barnastock.com\/wp-content\/uploads\/2020\/07\/equipo-barnastock-almacenaje-112x75.jpg 112w\" sizes=\"(max-width:767px) 480px, 550px\" \/>\t\t\t\t\t\t\t\t\t\t\t\t\t\t\t<\/div>\n\t\t\t\t<\/div>\n\t\t\t\t\t<\/div>\n\t\t<\/div>\n\t\t\t\t\t<\/div>\n\t\t<\/section>\n\t\t\t\t<section class=\"elementor-section elementor-top-section elementor-element elementor-element-2dd7057 elementor-section-stretched elementor-section-boxed elementor-section-height-default elementor-section-height-default\" data-id=\"2dd7057\" data-element_type=\"section\" data-e-type=\"section\" data-settings=\"{&quot;stretch_section&quot;:&quot;section-stretched&quot;}\">\n\t\t\t\t\t\t<div class=\"elementor-container elementor-column-gap-default\">\n\t\t\t\t\t<div class=\"elementor-column elementor-col-100 elementor-top-column elementor-element elementor-element-186b8f6\" data-id=\"186b8f6\" data-element_type=\"column\" data-e-type=\"column\">\n\t\t\t<div class=\"elementor-widget-wrap elementor-element-populated\">\n\t\t\t\t\t\t<div class=\"elementor-element elementor-element-ab9bfd1 elementor-widget elementor-widget-text-editor\" data-id=\"ab9bfd1\" data-element_type=\"widget\" data-e-type=\"widget\" data-widget_type=\"text-editor.default\">\n\t\t\t\t<div class=\"elementor-widget-container\">\n\t\t\t\t\t\t\t\t\t<p><b>Barnastock es una empresa integrada en Barcelonesa Group<\/b> <b>(Grupo con +75 a\u00f1os de historia que ofrece un servicio 360\u00b0 a la Industria Qu\u00edmica)<\/b>.<\/p>\n<p>El Grupo est\u00e1 formado por tres empresas principales: una empresa de distribuci\u00f3n qu\u00edmica (Barcelonesa) , una empresa de transporte especializada en productos qu\u00edmicos (BDtrans) y, por \u00faltimo, una empresa especializada en log\u00edstica qu\u00edmica: Barnastock.<\/p>\n<p>Gracias a pertenecer a Barcelonesa Group disponemos de los recursos de una gran compa\u00f1\u00eda (humanos, financieros y log\u00edsticos). Y por ello, a d\u00eda de hoy, <strong>Barnastock es uno de los principales operadores log\u00edsticos nacionales especializados en el almacenamiento y manipulaci\u00f3n de productos qu\u00edmicos peligrosos.<\/strong><\/p>\n<p>Descubre la historia de Barnastock desde sus inicios, en el a\u00f1o 1982, hasta la actualidad:<\/p>\t\t\t\t\t\t\t\t<\/div>\n\t\t\t\t<\/div>\n\t\t\t\t\t<\/div>\n\t\t<\/div>\n\t\t\t\t\t<\/div>\n\t\t<\/section>\n\t\t\t\t<section class=\"elementor-section elementor-top-section elementor-element elementor-element-f62c10a elementor-section-stretched elementor-section-boxed elementor-section-height-default elementor-section-height-default\" data-id=\"f62c10a\" data-element_type=\"section\" data-e-type=\"section\" data-settings=\"{&quot;stretch_section&quot;:&quot;section-stretched&quot;}\">\n\t\t\t\t\t\t<div class=\"elementor-container elementor-column-gap-default\">\n\t\t\t\t\t<div class=\"elementor-column elementor-col-100 elementor-top-column elementor-element elementor-element-c04bc04\" data-id=\"c04bc04\" data-element_type=\"column\" data-e-type=\"column\">\n\t\t\t<div class=\"elementor-widget-wrap elementor-element-populated\">\n\t\t\t\t\t\t<div class=\"elementor-element elementor-element-b141ad0 elementor-widget elementor-widget-be-timeline\" data-id=\"b141ad0\" data-element_type=\"widget\" data-e-type=\"widget\" data-widget_type=\"be-timeline.default\">\n\t\t\t\t<div class=\"elementor-widget-container\">\n\t\t\t\t\t<ul class=\"be-pack timeline \"><li class=\"timeline-inverted\"> \n\t\t\t<div class=\"tl-circ\"><\/div>\n\t\t <div class=\"timeline-panel\">\n\t\t   <div class=\"tl-heading\">\n\t\t\t <div class=\"tl-content\">\n\n\t\t\t    \n\t\t\t\t\t\t\n\t\t\t\t\t\t<div class=\"be-desc\">\n\t\t\t\t\t\t\t<h2 class=\"be-title\">1982<\/h2>\t\t\t\t\t\t\t<div class=\"be-content\"><p><strong>Barnastock fue fundada en el a\u00f1o 1982 para dar servicio a la Industria Qu\u00edmica<\/strong>. Inici\u00f3 su recorrido en un peque\u00f1o local en El Pol\u00edgono Urvasa de Santa Perpetua de Mogoda.<\/p><\/div>\t\t\t\t\t\t<\/div>\n\n\t\t\t\t\t\n\t\t\t\t<\/div>\n\n\t\t\t<\/div>\n\t\t<\/div>\n\t\t\t<\/li>\n\t\t\t<li class=\"timeline-right\"> \n\t\t\t<div class=\"tl-circ\"><\/div>\n\t\t <div class=\"timeline-panel\">\n\t\t   <div class=\"tl-heading\">\n\t\t\t <div class=\"tl-content\">\n\n\t\t\t    \n\t\t\t\t\t\t\n\t\t\t\t\t\t<div class=\"be-desc\">\n\t\t\t\t\t\t\t<h2 class=\"be-title\">1987<\/h2>\t\t\t\t\t\t\t<div class=\"be-content\"><p><strong>Nos trasladamos a Pol. Ind. Can Humet de Dalt (nuestra ubicaci\u00f3n actual).<\/strong> Desde el inicio nos hemos posicionado como un almac\u00e9n especializado en producto clasificados, adapt\u00e1ndonos en cada momento a la normativa exigida, lo que ha requerido un gran esfuerzo de inversi\u00f3n.<\/p><\/div>\t\t\t\t\t\t<\/div>\n\n\t\t\t\t\t\n\t\t\t\t<\/div>\n\n\t\t\t<\/div>\n\t\t<\/div>\n\t\t\t<\/li>\n\t\t\t<li class=\"timeline-inverted\"> \n\t\t\t<div class=\"tl-circ\"><\/div>\n\t\t <div class=\"timeline-panel\">\n\t\t   <div class=\"tl-heading\">\n\t\t\t <div class=\"tl-content\">\n\n\t\t\t    \n\t\t\t\t\t\t\n\t\t\t\t\t\t<div class=\"be-desc\">\n\t\t\t\t\t\t\t<h2 class=\"be-title\">2004<\/h2>\t\t\t\t\t\t\t<div class=\"be-content\"><p>Nuestra compa\u00f1\u00eda, ya desde su formaci\u00f3n, ten\u00eda la clara vocaci\u00f3n de transformarse en un referente en log\u00edstica especializada de productos qu\u00edmicos. Para conseguirlo, <strong>se crea Barnatransfer una agencia de transportes orientada a mercanc\u00edas ADR.<\/strong><\/p><p><strong>En el 2004, Barcelonesa Group adquiri\u00f3 las compa\u00f1\u00edas Barnastock y Barnatransfer.<\/strong><\/p><\/div>\t\t\t\t\t\t<\/div>\n\n\t\t\t\t\t\n\t\t\t\t<\/div>\n\n\t\t\t<\/div>\n\t\t<\/div>\n\t\t\t<\/li>\n\t\t\t<li class=\"timeline-right\"> \n\t\t\t<div class=\"tl-circ\"><\/div>\n\t\t <div class=\"timeline-panel\">\n\t\t   <div class=\"tl-heading\">\n\t\t\t <div class=\"tl-content\">\n\n\t\t\t    \n\t\t\t\t\t\t\n\t\t\t\t\t\t<div class=\"be-desc\">\n\t\t\t\t\t\t\t<h2 class=\"be-title\">2005<\/h2>\t\t\t\t\t\t\t<div class=\"be-content\"><div class=\"col-xs-12 col-sm-5 col-md-5 col-lg-5\"><p class=\"small\"><strong>Barcelonesa Group adquiere BDtrans.<\/strong><\/p><p class=\"small\">Nace as\u00ed un completo operador log\u00edstico qu\u00edmico. Con la empresa matriz distribuidora de mercanc\u00edas qu\u00edmicas, y Barnastock y BDtrans dando el apoyo log\u00edstico necesario para dar soluciones integrales con buena qu\u00edmica.<\/p><\/div><\/div>\t\t\t\t\t\t<\/div>\n\n\t\t\t\t\t\n\t\t\t\t<\/div>\n\n\t\t\t<\/div>\n\t\t<\/div>\n\t\t\t<\/li>\n\t\t\t<li class=\"timeline-inverted\"> \n\t\t\t<div class=\"tl-circ\"><\/div>\n\t\t <div class=\"timeline-panel\">\n\t\t   <div class=\"tl-heading\">\n\t\t\t <div class=\"tl-content\">\n\n\t\t\t    \n\t\t\t\t\t\t\n\t\t\t\t\t\t<div class=\"be-desc\">\n\t\t\t\t\t\t\t<h2 class=\"be-title\">2014<\/h2>\t\t\t\t\t\t\t<div class=\"be-content\"><p>Ampliaci\u00f3n de la distintas l\u00edneas de envasado adapt\u00e1ndonos a las peticiones del mercado.<\/p><\/div>\t\t\t\t\t\t<\/div>\n\n\t\t\t\t\t\n\t\t\t\t<\/div>\n\n\t\t\t<\/div>\n\t\t<\/div>\n\t\t\t<\/li>\n\t\t\t<li class=\"timeline-right\"> \n\t\t\t<div class=\"tl-circ\"><\/div>\n\t\t <div class=\"timeline-panel\">\n\t\t   <div class=\"tl-heading\">\n\t\t\t <div class=\"tl-content\">\n\n\t\t\t    \n\t\t\t\t\t\t\n\t\t\t\t\t\t<div class=\"be-desc\">\n\t\t\t\t\t\t\t<h2 class=\"be-title\">2015<\/h2>\t\t\t\t\t\t\t<div class=\"be-content\"><p>Concesi\u00f3n por parte de la a Agencia Tributaria de las siguientes figuras aduaneras: Dep\u00f3sito aduanero (DA), Dep\u00f3sito Distinto Aduanero (DDA), Almac\u00e9n de Dep\u00f3sito Temporal (ADT), Local Autorizado para Mercanc\u00edas de Exportaci\u00f3n (LAME).<\/p><\/div>\t\t\t\t\t\t<\/div>\n\n\t\t\t\t\t\n\t\t\t\t<\/div>\n\n\t\t\t<\/div>\n\t\t<\/div>\n\t\t\t<\/li>\n\t\t\t<li class=\"timeline-inverted\"> \n\t\t\t<div class=\"tl-circ\"><\/div>\n\t\t <div class=\"timeline-panel\">\n\t\t   <div class=\"tl-heading\">\n\t\t\t <div class=\"tl-content\">\n\n\t\t\t    \n\t\t\t\t\t\t\n\t\t\t\t\t\t<div class=\"be-desc\">\n\t\t\t\t\t\t\t<h2 class=\"be-title\">2018<\/h2>\t\t\t\t\t\t\t<div class=\"be-content\"><p>Conseguimos la certificaci\u00f3n de Operador Econ\u00f3mico Autorizado.<\/p><\/div>\t\t\t\t\t\t<\/div>\n\n\t\t\t\t\t\n\t\t\t\t<\/div>\n\n\t\t\t<\/div>\n\t\t<\/div>\n\t\t\t<\/li>\n\t\t\t<li class=\"timeline-right\"> \n\t\t\t<div class=\"tl-circ\"><\/div>\n\t\t <div class=\"timeline-panel\">\n\t\t   <div class=\"tl-heading\">\n\t\t\t <div class=\"tl-content\">\n\n\t\t\t    \n\t\t\t\t\t\t\n\t\t\t\t\t\t<div class=\"be-desc\">\n\t\t\t\t\t\t\t<h2 class=\"be-title\">2019<\/h2>\t\t\t\t\t\t\t<div class=\"be-content\"><p>Expandimos la empresa adquiriendo dos nuevas instalaciones para poder ampliar la capacidad del almac\u00e9n y ofrecer\u00a0 un mejor servicio a un sector m\u00e1s amplio de empresas.<\/p><\/div>\t\t\t\t\t\t<\/div>\n\n\t\t\t\t\t\n\t\t\t\t<\/div>\n\n\t\t\t<\/div>\n\t\t<\/div>\n\t\t\t<\/li>\n\t\t\t<li class=\"timeline-inverted\"> \n\t\t\t<div class=\"tl-circ\"><\/div>\n\t\t <div class=\"timeline-panel\">\n\t\t   <div class=\"tl-heading\">\n\t\t\t <div class=\"tl-content\">\n\n\t\t\t    \n\t\t\t\t\t\t\n\t\t\t\t\t\t<div class=\"be-desc\">\n\t\t\t\t\t\t\t<h2 class=\"be-title\">2020<\/h2>\t\t\t\t\t\t\t<div class=\"be-content\"><p>Concesi\u00f3n de Autorizaci\u00f3n para poder operar con productos sujetos a impuestos especiales (IIEE)<\/p><\/div>\t\t\t\t\t\t<\/div>\n\n\t\t\t\t\t\n\t\t\t\t<\/div>\n\n\t\t\t<\/div>\n\t\t<\/div>\n\t\t\t<\/li>\n\t\t\t \n      <\/ul>\n\n\t\t\t\t\t<\/div>\n\t\t\t\t<\/div>\n\t\t\t\t\t<\/div>\n\t\t<\/div>\n\t\t\t\t\t<\/div>\n\t\t<\/section>\n\t\t\t\t<\/div>\n\t\t","protected":false},"excerpt":{"rendered":"<p>Sobre nosotros Barnastock es una empresa integrada en Grup Barcelonesa (Grupo con +75 a\u00f1os de historia que ofrece un servicio 360\u00b0 a la Industria Qu\u00edmica). El<span class=\"excerpt-hellip\"> [\u2026]<\/span><\/p>\n","protected":false},"author":3,"featured_media":0,"parent":0,"menu_order":0,"comment_status":"closed","ping_status":"closed","template":"elementor_header_footer","meta":{"footnotes":""},"class_list":["post-3298","page","type-page","status-publish","hentry"],"yoast_head":"<!-- This site is optimized with the Yoast SEO plugin v27.2 - https:\/\/yoast.com\/product\/yoast-seo-wordpress\/ -->\n<title>Sobre nosotros - Barnastock<\/title>\n<meta name=\"robots\" content=\"index, follow, max-snippet:-1, max-image-preview:large, max-video-preview:-1\" \/>\n<link rel=\"canonical\" href=\"https:\/\/www.barnastock.com\/es\/quienes-somos\/\" \/>\n<meta property=\"og:locale\" content=\"es_ES\" \/>\n<meta property=\"og:type\" content=\"article\" \/>\n<meta property=\"og:title\" content=\"Sobre nosotros - Barnastock\" \/>\n<meta property=\"og:description\" content=\"Sobre nosotros Barnastock es una empresa integrada en Grup Barcelonesa (Grupo con +75 a\u00f1os de historia que ofrece un servicio 360\u00b0 a la Industria Qu\u00edmica). El [\u2026]\" \/>\n<meta property=\"og:url\" content=\"https:\/\/www.barnastock.com\/es\/quienes-somos\/\" \/>\n<meta property=\"og:site_name\" content=\"Barnastock\" \/>\n<meta property=\"article:modified_time\" content=\"2025-02-25T06:57:01+00:00\" \/>\n<meta property=\"og:image\" content=\"https:\/\/www.barnastock.com\/wp-content\/uploads\/2020\/07\/equipo-barnastock-almacenaje.jpg\" \/>\n\t<meta property=\"og:image:width\" content=\"550\" \/>\n\t<meta property=\"og:image:height\" content=\"367\" \/>\n\t<meta property=\"og:image:type\" content=\"image\/jpeg\" \/>\n<meta name=\"twitter:card\" content=\"summary_large_image\" \/>\n<meta name=\"twitter:label1\" content=\"Tiempo de lectura\" \/>\n\t<meta name=\"twitter:data1\" content=\"3 minutos\" \/>\n<script type=\"application\/ld+json\" class=\"yoast-schema-graph\">{\"@context\":\"https:\/\/schema.org\",\"@graph\":[{\"@type\":\"WebPage\",\"@id\":\"https:\/\/www.barnastock.com\/es\/quienes-somos\/\",\"url\":\"https:\/\/www.barnastock.com\/es\/quienes-somos\/\",\"name\":\"Sobre nosotros - Barnastock\",\"isPartOf\":{\"@id\":\"https:\/\/www.barnastock.com\/es\/#website\"},\"primaryImageOfPage\":{\"@id\":\"https:\/\/www.barnastock.com\/es\/quienes-somos\/#primaryimage\"},\"image\":{\"@id\":\"https:\/\/www.barnastock.com\/es\/quienes-somos\/#primaryimage\"},\"thumbnailUrl\":\"https:\/\/www.barnastock.com\/wp-content\/uploads\/2020\/07\/equipo-barnastock-almacenaje.jpg\",\"datePublished\":\"2020-07-13T15:35:54+00:00\",\"dateModified\":\"2025-02-25T06:57:01+00:00\",\"breadcrumb\":{\"@id\":\"https:\/\/www.barnastock.com\/es\/quienes-somos\/#breadcrumb\"},\"inLanguage\":\"es\",\"potentialAction\":[{\"@type\":\"ReadAction\",\"target\":[\"https:\/\/www.barnastock.com\/es\/quienes-somos\/\"]}]},{\"@type\":\"ImageObject\",\"inLanguage\":\"es\",\"@id\":\"https:\/\/www.barnastock.com\/es\/quienes-somos\/#primaryimage\",\"url\":\"https:\/\/www.barnastock.com\/wp-content\/uploads\/2020\/07\/equipo-barnastock-almacenaje.jpg\",\"contentUrl\":\"https:\/\/www.barnastock.com\/wp-content\/uploads\/2020\/07\/equipo-barnastock-almacenaje.jpg\"},{\"@type\":\"BreadcrumbList\",\"@id\":\"https:\/\/www.barnastock.com\/es\/quienes-somos\/#breadcrumb\",\"itemListElement\":[{\"@type\":\"ListItem\",\"position\":1,\"name\":\"Home\",\"item\":\"https:\/\/www.barnastock.com\/es\/\"},{\"@type\":\"ListItem\",\"position\":2,\"name\":\"Sobre nosotros\"}]},{\"@type\":\"WebSite\",\"@id\":\"https:\/\/www.barnastock.com\/es\/#website\",\"url\":\"https:\/\/www.barnastock.com\/es\/\",\"name\":\"Barnastock\",\"description\":\"Almacenamiento de productos qu\u00edmicos peligrosos.\",\"publisher\":{\"@id\":\"https:\/\/www.barnastock.com\/es\/#organization\"},\"potentialAction\":[{\"@type\":\"SearchAction\",\"target\":{\"@type\":\"EntryPoint\",\"urlTemplate\":\"https:\/\/www.barnastock.com\/es\/?s={search_term_string}\"},\"query-input\":{\"@type\":\"PropertyValueSpecification\",\"valueRequired\":true,\"valueName\":\"search_term_string\"}}],\"inLanguage\":\"es\"},{\"@type\":\"Organization\",\"@id\":\"https:\/\/www.barnastock.com\/es\/#organization\",\"name\":\"Barnastock\",\"url\":\"https:\/\/www.barnastock.com\/es\/\",\"logo\":{\"@type\":\"ImageObject\",\"inLanguage\":\"es\",\"@id\":\"https:\/\/www.barnastock.com\/es\/#\/schema\/logo\/image\/\",\"url\":\"https:\/\/www.barnastock.com\/wp-content\/uploads\/2023\/10\/Barnastock-Horizontal-Green-2-1.png\",\"contentUrl\":\"https:\/\/www.barnastock.com\/wp-content\/uploads\/2023\/10\/Barnastock-Horizontal-Green-2-1.png\",\"width\":521,\"height\":103,\"caption\":\"Barnastock\"},\"image\":{\"@id\":\"https:\/\/www.barnastock.com\/es\/#\/schema\/logo\/image\/\"}}]}<\/script>\n<!-- \/ Yoast SEO plugin. -->","yoast_head_json":{"title":"Sobre nosotros - Barnastock","robots":{"index":"index","follow":"follow","max-snippet":"max-snippet:-1","max-image-preview":"max-image-preview:large","max-video-preview":"max-video-preview:-1"},"canonical":"https:\/\/www.barnastock.com\/es\/quienes-somos\/","og_locale":"es_ES","og_type":"article","og_title":"Sobre nosotros - Barnastock","og_description":"Sobre nosotros Barnastock es una empresa integrada en Grup Barcelonesa (Grupo con +75 a\u00f1os de historia que ofrece un servicio 360\u00b0 a la Industria Qu\u00edmica). El [\u2026]","og_url":"https:\/\/www.barnastock.com\/es\/quienes-somos\/","og_site_name":"Barnastock","article_modified_time":"2025-02-25T06:57:01+00:00","og_image":[{"width":550,"height":367,"url":"https:\/\/www.barnastock.com\/wp-content\/uploads\/2020\/07\/equipo-barnastock-almacenaje.jpg","type":"image\/jpeg"}],"twitter_card":"summary_large_image","twitter_misc":{"Tiempo de lectura":"3 minutos"},"schema":{"@context":"https:\/\/schema.org","@graph":[{"@type":"WebPage","@id":"https:\/\/www.barnastock.com\/es\/quienes-somos\/","url":"https:\/\/www.barnastock.com\/es\/quienes-somos\/","name":"Sobre nosotros - Barnastock","isPartOf":{"@id":"https:\/\/www.barnastock.com\/es\/#website"},"primaryImageOfPage":{"@id":"https:\/\/www.barnastock.com\/es\/quienes-somos\/#primaryimage"},"image":{"@id":"https:\/\/www.barnastock.com\/es\/quienes-somos\/#primaryimage"},"thumbnailUrl":"https:\/\/www.barnastock.com\/wp-content\/uploads\/2020\/07\/equipo-barnastock-almacenaje.jpg","datePublished":"2020-07-13T15:35:54+00:00","dateModified":"2025-02-25T06:57:01+00:00","breadcrumb":{"@id":"https:\/\/www.barnastock.com\/es\/quienes-somos\/#breadcrumb"},"inLanguage":"es","potentialAction":[{"@type":"ReadAction","target":["https:\/\/www.barnastock.com\/es\/quienes-somos\/"]}]},{"@type":"ImageObject","inLanguage":"es","@id":"https:\/\/www.barnastock.com\/es\/quienes-somos\/#primaryimage","url":"https:\/\/www.barnastock.com\/wp-content\/uploads\/2020\/07\/equipo-barnastock-almacenaje.jpg","contentUrl":"https:\/\/www.barnastock.com\/wp-content\/uploads\/2020\/07\/equipo-barnastock-almacenaje.jpg"},{"@type":"BreadcrumbList","@id":"https:\/\/www.barnastock.com\/es\/quienes-somos\/#breadcrumb","itemListElement":[{"@type":"ListItem","position":1,"name":"Home","item":"https:\/\/www.barnastock.com\/es\/"},{"@type":"ListItem","position":2,"name":"Sobre nosotros"}]},{"@type":"WebSite","@id":"https:\/\/www.barnastock.com\/es\/#website","url":"https:\/\/www.barnastock.com\/es\/","name":"Barnastock","description":"Almacenamiento de productos qu\u00edmicos peligrosos.","publisher":{"@id":"https:\/\/www.barnastock.com\/es\/#organization"},"potentialAction":[{"@type":"SearchAction","target":{"@type":"EntryPoint","urlTemplate":"https:\/\/www.barnastock.com\/es\/?s={search_term_string}"},"query-input":{"@type":"PropertyValueSpecification","valueRequired":true,"valueName":"search_term_string"}}],"inLanguage":"es"},{"@type":"Organization","@id":"https:\/\/www.barnastock.com\/es\/#organization","name":"Barnastock","url":"https:\/\/www.barnastock.com\/es\/","logo":{"@type":"ImageObject","inLanguage":"es","@id":"https:\/\/www.barnastock.com\/es\/#\/schema\/logo\/image\/","url":"https:\/\/www.barnastock.com\/wp-content\/uploads\/2023\/10\/Barnastock-Horizontal-Green-2-1.png","contentUrl":"https:\/\/www.barnastock.com\/wp-content\/uploads\/2023\/10\/Barnastock-Horizontal-Green-2-1.png","width":521,"height":103,"caption":"Barnastock"},"image":{"@id":"https:\/\/www.barnastock.com\/es\/#\/schema\/logo\/image\/"}}]}},"_links":{"self":[{"href":"https:\/\/www.barnastock.com\/es\/wp-json\/wp\/v2\/pages\/3298","targetHints":{"allow":["GET"]}}],"collection":[{"href":"https:\/\/www.barnastock.com\/es\/wp-json\/wp\/v2\/pages"}],"about":[{"href":"https:\/\/www.barnastock.com\/es\/wp-json\/wp\/v2\/types\/page"}],"author":[{"embeddable":true,"href":"https:\/\/www.barnastock.com\/es\/wp-json\/wp\/v2\/users\/3"}],"replies":[{"embeddable":true,"href":"https:\/\/www.barnastock.com\/es\/wp-json\/wp\/v2\/comments?post=3298"}],"version-history":[{"count":10,"href":"https:\/\/www.barnastock.com\/es\/wp-json\/wp\/v2\/pages\/3298\/revisions"}],"predecessor-version":[{"id":6750,"href":"https:\/\/www.barnastock.com\/es\/wp-json\/wp\/v2\/pages\/3298\/revisions\/6750"}],"wp:attachment":[{"href":"https:\/\/www.barnastock.com\/es\/wp-json\/wp\/v2\/media?parent=3298"}],"curies":[{"name":"wp","href":"https:\/\/api.w.org\/{rel}","templated":true}]}}